{"id":2,"date":"2025-01-30T17:36:20","date_gmt":"2025-01-30T16:36:20","guid":{"rendered":"http:\/\/salaries-assistance.fr\/?page_id=2"},"modified":"2026-03-25T19:50:14","modified_gmt":"2026-03-25T18:50:14","slug":"mentions-legales","status":"publish","type":"page","link":"https:\/\/salaries-assistance.fr\/?page_id=2","title":{"rendered":"Mentions l\u00e9gales"},"content":{"rendered":"\n\n\n<h3 class=\"wp-block-heading\">\u00c9dition <\/h3>\n\n\n\n<p>Le site salaries-assistance.fr (ci-apr\u00e8s \u00ab le Site \u00bb), accessible \u00e0 l\u2019adresse http:\/\/salaries-assistance.fr est \u00e9dit\u00e9 par Laura BACQUEY EI, micro-entreprise domicili\u00e9e 17 rue Jean Descas, 33800 Bordeaux, (ci-apr\u00e8s \u00ab l\u2019Editeur \u00bb), num\u00e9ro de SIRET 94061718600025<br>TVA : TVA non applicable, article 293 B du CGI.<br>Contact par mail \u00e0 l&rsquo;adresse suivante : contact@salaries-assistance.fr<br>Responsable de la publication : Laura BACQUEY<\/p>\n\n\n\n<h3 class=\"wp-block-heading\">H\u00e9bergement<\/h3>\n\n\n\n<p>Le Site est h\u00e9berg\u00e9 par OVH, SAS au capital de 50 000 000 \u20ac<\/p>\n\n\n\n<p>RCS Lille M\u00e9tropole 424 761 419 00045<br>Code APE 2620Z<br>N\u00b0 TVA : FR 22 424 761 419<br>Si\u00e8ge social : 2 rue Kellermann &#8211; 59100 Roubaix &#8211; France<\/p>\n\n\n\n<p>OVH SAS est une filiale de la soci\u00e9t\u00e9 OVH Groupe SA, soci\u00e9t\u00e9 immatricul\u00e9e au RCS de Lille sous le num\u00e9ro 537 407 926 sise 2, rue Kellermann, 59100 Roubaix, France, joignable au 09 72 10 10 07.<\/p>\n\n\n\n<h3 class=\"wp-block-heading\">Respect de la propri\u00e9t\u00e9 intellectuelle<\/h3>\n\n\n\n<p>Toutes les marques, photographies, textes, commentaires, illustrations, images anim\u00e9es ou non, s\u00e9quences vid\u00e9o, sons, ainsi que toutes les applications informatiques qui pourraient \u00eatre utilis\u00e9es pour faire fonctionner le Site et plus g\u00e9n\u00e9ralement tous les \u00e9l\u00e9ments reproduits ou utilis\u00e9s sur le Site sont prot\u00e9g\u00e9s par les lois en vigueur au titre de la propri\u00e9t\u00e9 intellectuelle.<\/p>\n\n\n\n<p>Ils sont la propri\u00e9t\u00e9 pleine et enti\u00e8re de l\u2019Editeur ou de ses partenaires, sauf mentions particuli\u00e8res. Toute reproduction, repr\u00e9sentation, utilisation ou adaptation, sous quelque forme que ce soit, de tout ou partie de ces \u00e9l\u00e9ments, y compris les applications informatiques, sans l\u2019accord pr\u00e9alable et \u00e9crit de l\u2019Editeur, sont strictement interdites. Le fait pour l\u2019Editeur de ne pas engager de proc\u00e9dure d\u00e8s la prise de connaissance de ces utilisations non autoris\u00e9es ne vaut pas acceptation desdites utilisations et renonciation aux poursuites.<\/p>\n\n\n\n<p>Seule l\u2019utilisation pour un usage priv\u00e9 dans un cercle de famille est autoris\u00e9e et toute autre utilisation est constitutive de contrefa\u00e7on et\/ou d\u2019atteinte aux droits voisins, sanctionn\u00e9e par Code de la propri\u00e9t\u00e9 intellectuelle.<\/p>\n\n\n\n<p>La reprise de tout ou partie de ce contenu n\u00e9cessite l\u2019autorisation pr\u00e9alable de l\u2019Editeur ou du titulaire des droits sur ce contenu.<\/p>\n\n\n\n<p>Cookies et traceurs : Aucun cookie ni traceur n\u2019est utilis\u00e9 sur ce site. Aucune donn\u00e9e personnelle n\u2019est collect\u00e9e lors de la navigation.<\/p>\n","protected":false},"excerpt":{"rendered":"<p>\u00c9dition Le site salaries-assistance.fr (ci-apr\u00e8s \u00ab le Site \u00bb), accessible \u00e0 l\u2019adresse http:\/\/salaries-assistance.fr est \u00e9dit\u00e9 par Laura BACQUEY EI, micro-entreprise domicili\u00e9e 17 rue Jean Descas, 33800 Bordeaux, (ci-apr\u00e8s \u00ab l\u2019Editeur \u00bb), num\u00e9ro de SIRET 94061718600025TVA : TVA non applicable, article 293 B du CGI.Contact par mail \u00e0 l&rsquo;adresse suivante : contact@salaries-assistance.frResponsable de la publication : [&hellip;]<\/p>\n","protected":false},"author":1,"featured_media":0,"parent":0,"menu_order":0,"comment_status":"closed","ping_status":"closed","template":"","meta":{"saved_in_kubio":true,"footnotes":""},"class_list":["post-2","page","type-page","status-publish","hentry"],"kubio_ai_page_context":{"short_desc":"","purpose":"general"},"yoast_head":"<!-- This site is optimized with the Yoast SEO plugin v24.5 - https:\/\/yoast.com\/wordpress\/plugins\/seo\/ -->\n<title>Mentions l\u00e9gales - Salari\u00e9s Assistance<\/title>\n<meta name=\"robots\" content=\"noindex, nofollow\" \/>\n<meta property=\"og:locale\" content=\"fr_FR\" \/>\n<meta property=\"og:type\" content=\"article\" \/>\n<meta property=\"og:title\" content=\"Mentions l\u00e9gales - Salari\u00e9s Assistance\" \/>\n<meta property=\"og:description\" content=\"\u00c9dition Le site salaries-assistance.fr (ci-apr\u00e8s \u00ab le Site \u00bb), accessible \u00e0 l\u2019adresse http:\/\/salaries-assistance.fr est \u00e9dit\u00e9 par Laura BACQUEY EI, micro-entreprise domicili\u00e9e 17 rue Jean Descas, 33800 Bordeaux, (ci-apr\u00e8s \u00ab l\u2019Editeur \u00bb), num\u00e9ro de SIRET 94061718600025TVA : TVA non applicable, article 293 B du CGI.Contact par mail \u00e0 l&rsquo;adresse suivante : contact@salaries-assistance.frResponsable de la publication : [&hellip;]\" \/>\n<meta property=\"og:url\" content=\"https:\/\/salaries-assistance.fr\/?page_id=2\" \/>\n<meta property=\"og:site_name\" content=\"Salari\u00e9s Assistance\" \/>\n<meta property=\"article:modified_time\" content=\"2026-03-25T18:50:14+00:00\" \/>\n<meta name=\"twitter:card\" content=\"summary_large_image\" \/>\n<meta name=\"twitter:label1\" content=\"Dur\u00e9e de lecture estim\u00e9e\" \/>\n\t<meta name=\"twitter:data1\" content=\"2 minutes\" \/>\n<script type=\"application\/ld+json\" class=\"yoast-schema-graph\">{\"@context\":\"https:\/\/schema.org\",\"@graph\":[{\"@type\":\"WebPage\",\"@id\":\"https:\/\/salaries-assistance.fr\/?page_id=2\",\"url\":\"https:\/\/salaries-assistance.fr\/?page_id=2\",\"name\":\"Mentions l\u00e9gales - Salari\u00e9s Assistance\",\"isPartOf\":{\"@id\":\"https:\/\/salaries-assistance.fr\/#website\"},\"datePublished\":\"2025-01-30T16:36:20+00:00\",\"dateModified\":\"2026-03-25T18:50:14+00:00\",\"breadcrumb\":{\"@id\":\"https:\/\/salaries-assistance.fr\/?page_id=2#breadcrumb\"},\"inLanguage\":\"fr-FR\",\"potentialAction\":[{\"@type\":\"ReadAction\",\"target\":[\"https:\/\/salaries-assistance.fr\/?page_id=2\"]}]},{\"@type\":\"BreadcrumbList\",\"@id\":\"https:\/\/salaries-assistance.fr\/?page_id=2#breadcrumb\",\"itemListElement\":[{\"@type\":\"ListItem\",\"position\":1,\"name\":\"Accueil\",\"item\":\"https:\/\/salaries-assistance.fr\/\"},{\"@type\":\"ListItem\",\"position\":2,\"name\":\"Mentions l\u00e9gales\"}]},{\"@type\":\"WebSite\",\"@id\":\"https:\/\/salaries-assistance.fr\/#website\",\"url\":\"https:\/\/salaries-assistance.fr\/\",\"name\":\"Salari\u00e9s Assistance\",\"description\":\"Des experts du num\u00e9rique au services des salari\u00e9s\",\"publisher\":{\"@id\":\"https:\/\/salaries-assistance.fr\/#organization\"},\"potentialAction\":[{\"@type\":\"SearchAction\",\"target\":{\"@type\":\"EntryPoint\",\"urlTemplate\":\"https:\/\/salaries-assistance.fr\/?s={search_term_string}\"},\"query-input\":{\"@type\":\"PropertyValueSpecification\",\"valueRequired\":true,\"valueName\":\"search_term_string\"}}],\"inLanguage\":\"fr-FR\"},{\"@type\":\"Organization\",\"@id\":\"https:\/\/salaries-assistance.fr\/#organization\",\"name\":\"Salari\u00e9s Assistance\",\"url\":\"https:\/\/salaries-assistance.fr\/\",\"logo\":{\"@type\":\"ImageObject\",\"inLanguage\":\"fr-FR\",\"@id\":\"https:\/\/salaries-assistance.fr\/#\/schema\/logo\/image\/\",\"url\":\"https:\/\/salaries-assistance.fr\/wp-content\/uploads\/2025\/02\/logo_salaries-assistance_Marron_v1.png\",\"contentUrl\":\"https:\/\/salaries-assistance.fr\/wp-content\/uploads\/2025\/02\/logo_salaries-assistance_Marron_v1.png\",\"width\":200,\"height\":200,\"caption\":\"Salari\u00e9s Assistance\"},\"image\":{\"@id\":\"https:\/\/salaries-assistance.fr\/#\/schema\/logo\/image\/\"}}]}<\/script>\n<!-- \/ Yoast SEO plugin. -->","yoast_head_json":{"title":"Mentions l\u00e9gales - Salari\u00e9s Assistance","robots":{"index":"noindex","follow":"nofollow"},"og_locale":"fr_FR","og_type":"article","og_title":"Mentions l\u00e9gales - Salari\u00e9s Assistance","og_description":"\u00c9dition Le site salaries-assistance.fr (ci-apr\u00e8s \u00ab le Site \u00bb), accessible \u00e0 l\u2019adresse http:\/\/salaries-assistance.fr est \u00e9dit\u00e9 par Laura BACQUEY EI, micro-entreprise domicili\u00e9e 17 rue Jean Descas, 33800 Bordeaux, (ci-apr\u00e8s \u00ab l\u2019Editeur \u00bb), num\u00e9ro de SIRET 94061718600025TVA : TVA non applicable, article 293 B du CGI.Contact par mail \u00e0 l&rsquo;adresse suivante : contact@salaries-assistance.frResponsable de la publication : [&hellip;]","og_url":"https:\/\/salaries-assistance.fr\/?page_id=2","og_site_name":"Salari\u00e9s Assistance","article_modified_time":"2026-03-25T18:50:14+00:00","twitter_card":"summary_large_image","twitter_misc":{"Dur\u00e9e de lecture estim\u00e9e":"2 minutes"},"schema":{"@context":"https:\/\/schema.org","@graph":[{"@type":"WebPage","@id":"https:\/\/salaries-assistance.fr\/?page_id=2","url":"https:\/\/salaries-assistance.fr\/?page_id=2","name":"Mentions l\u00e9gales - Salari\u00e9s Assistance","isPartOf":{"@id":"https:\/\/salaries-assistance.fr\/#website"},"datePublished":"2025-01-30T16:36:20+00:00","dateModified":"2026-03-25T18:50:14+00:00","breadcrumb":{"@id":"https:\/\/salaries-assistance.fr\/?page_id=2#breadcrumb"},"inLanguage":"fr-FR","potentialAction":[{"@type":"ReadAction","target":["https:\/\/salaries-assistance.fr\/?page_id=2"]}]},{"@type":"BreadcrumbList","@id":"https:\/\/salaries-assistance.fr\/?page_id=2#breadcrumb","itemListElement":[{"@type":"ListItem","position":1,"name":"Accueil","item":"https:\/\/salaries-assistance.fr\/"},{"@type":"ListItem","position":2,"name":"Mentions l\u00e9gales"}]},{"@type":"WebSite","@id":"https:\/\/salaries-assistance.fr\/#website","url":"https:\/\/salaries-assistance.fr\/","name":"Salari\u00e9s Assistance","description":"Des experts du num\u00e9rique au services des salari\u00e9s","publisher":{"@id":"https:\/\/salaries-assistance.fr\/#organization"},"potentialAction":[{"@type":"SearchAction","target":{"@type":"EntryPoint","urlTemplate":"https:\/\/salaries-assistance.fr\/?s={search_term_string}"},"query-input":{"@type":"PropertyValueSpecification","valueRequired":true,"valueName":"search_term_string"}}],"inLanguage":"fr-FR"},{"@type":"Organization","@id":"https:\/\/salaries-assistance.fr\/#organization","name":"Salari\u00e9s Assistance","url":"https:\/\/salaries-assistance.fr\/","logo":{"@type":"ImageObject","inLanguage":"fr-FR","@id":"https:\/\/salaries-assistance.fr\/#\/schema\/logo\/image\/","url":"https:\/\/salaries-assistance.fr\/wp-content\/uploads\/2025\/02\/logo_salaries-assistance_Marron_v1.png","contentUrl":"https:\/\/salaries-assistance.fr\/wp-content\/uploads\/2025\/02\/logo_salaries-assistance_Marron_v1.png","width":200,"height":200,"caption":"Salari\u00e9s Assistance"},"image":{"@id":"https:\/\/salaries-assistance.fr\/#\/schema\/logo\/image\/"}}]}},"_links":{"self":[{"href":"https:\/\/salaries-assistance.fr\/index.php?rest_route=\/wp\/v2\/pages\/2","targetHints":{"allow":["GET"]}}],"collection":[{"href":"https:\/\/salaries-assistance.fr\/index.php?rest_route=\/wp\/v2\/pages"}],"about":[{"href":"https:\/\/salaries-assistance.fr\/index.php?rest_route=\/wp\/v2\/types\/page"}],"author":[{"embeddable":true,"href":"https:\/\/salaries-assistance.fr\/index.php?rest_route=\/wp\/v2\/users\/1"}],"replies":[{"embeddable":true,"href":"https:\/\/salaries-assistance.fr\/index.php?rest_route=%2Fwp%2Fv2%2Fcomments&post=2"}],"version-history":[{"count":8,"href":"https:\/\/salaries-assistance.fr\/index.php?rest_route=\/wp\/v2\/pages\/2\/revisions"}],"predecessor-version":[{"id":562,"href":"https:\/\/salaries-assistance.fr\/index.php?rest_route=\/wp\/v2\/pages\/2\/revisions\/562"}],"wp:attachment":[{"href":"https:\/\/salaries-assistance.fr\/index.php?rest_route=%2Fwp%2Fv2%2Fmedia&parent=2"}],"curies":[{"name":"wp","href":"https:\/\/api.w.org\/{rel}","templated":true}]}}