{"id":257,"date":"2025-02-04T12:31:56","date_gmt":"2025-02-04T11:31:56","guid":{"rendered":"http:\/\/salaries-assistance.fr\/?page_id=257"},"modified":"2025-02-24T20:02:21","modified_gmt":"2025-02-24T19:02:21","slug":"accueil","status":"publish","type":"page","link":"https:\/\/salaries-assistance.fr\/","title":{"rendered":"Accueil"},"content":{"rendered":"\n\n\n\n\n\n\n\n\n\n","protected":false},"excerpt":{"rendered":"","protected":false},"author":1,"featured_media":0,"parent":0,"menu_order":0,"comment_status":"closed","ping_status":"closed","template":"","meta":{"saved_in_kubio":true,"footnotes":""},"class_list":["post-257","page","type-page","status-publish","hentry"],"kubio_ai_page_context":{"short_desc":"","purpose":"general"},"yoast_head":"<!-- This site is optimized with the Yoast SEO plugin v24.5 - https:\/\/yoast.com\/wordpress\/plugins\/seo\/ -->\n<title>Salari\u00e9s Assistance - Des experts du num\u00e9rique et du droit social \u00e0 votre service<\/title>\n<meta name=\"description\" content=\"Vous quittez votre entreprise, avez-vous pens\u00e9 \u00e0 tout ? R\u00e9cup\u00e9rez vos donn\u00e9es pour r\u00e9clamer vos heures suppl\u00e9mentaires et b\u00e9n\u00e9ficiez d&#039;une assistance juridique. Que faire apr\u00e8s un licenciement ? Nos experts en assistance des salari\u00e9s sont l\u00e0.\" \/>\n<meta name=\"robots\" content=\"index, follow, max-snippet:-1, max-image-preview:large, max-video-preview:-1\" \/>\n<link rel=\"canonical\" href=\"https:\/\/salaries-assistance.fr\/\" \/>\n<meta property=\"og:locale\" content=\"fr_FR\" \/>\n<meta property=\"og:type\" content=\"article\" \/>\n<meta property=\"og:title\" content=\"Salari\u00e9s Assistance - Des experts du num\u00e9rique et du droit social \u00e0 votre service\" \/>\n<meta property=\"og:description\" content=\"Vous quittez votre entreprise, avez-vous pens\u00e9 \u00e0 tout ? R\u00e9cup\u00e9rez vos donn\u00e9es pour r\u00e9clamer vos heures suppl\u00e9mentaires et b\u00e9n\u00e9ficiez d&#039;une assistance juridique. Que faire apr\u00e8s un licenciement ? Nos experts en assistance des salari\u00e9s sont l\u00e0.\" \/>\n<meta property=\"og:url\" content=\"https:\/\/salaries-assistance.fr\/\" \/>\n<meta property=\"og:site_name\" content=\"Salari\u00e9s Assistance\" \/>\n<meta property=\"article:modified_time\" content=\"2025-02-24T19:02:21+00:00\" \/>\n<meta name=\"twitter:card\" content=\"summary_large_image\" \/>\n<script type=\"application\/ld+json\" class=\"yoast-schema-graph\">{\"@context\":\"https:\/\/schema.org\",\"@graph\":[{\"@type\":\"WebPage\",\"@id\":\"https:\/\/salaries-assistance.fr\/\",\"url\":\"https:\/\/salaries-assistance.fr\/\",\"name\":\"Salari\u00e9s Assistance - Des experts du num\u00e9rique et du droit social \u00e0 votre service\",\"isPartOf\":{\"@id\":\"https:\/\/salaries-assistance.fr\/#website\"},\"datePublished\":\"2025-02-04T11:31:56+00:00\",\"dateModified\":\"2025-02-24T19:02:21+00:00\",\"description\":\"Vous quittez votre entreprise, avez-vous pens\u00e9 \u00e0 tout ? R\u00e9cup\u00e9rez vos donn\u00e9es pour r\u00e9clamer vos heures suppl\u00e9mentaires et b\u00e9n\u00e9ficiez d'une assistance juridique. Que faire apr\u00e8s un licenciement ? Nos experts en assistance des salari\u00e9s sont l\u00e0.\",\"breadcrumb\":{\"@id\":\"https:\/\/salaries-assistance.fr\/#breadcrumb\"},\"inLanguage\":\"fr-FR\",\"potentialAction\":[{\"@type\":\"ReadAction\",\"target\":[\"https:\/\/salaries-assistance.fr\/\"]}]},{\"@type\":\"BreadcrumbList\",\"@id\":\"https:\/\/salaries-assistance.fr\/#breadcrumb\",\"itemListElement\":[{\"@type\":\"ListItem\",\"position\":1,\"name\":\"Accueil\",\"item\":\"https:\/\/salaries-assistance.fr\/\"},{\"@type\":\"ListItem\",\"position\":2,\"name\":\"Accueil\"}]},{\"@type\":\"WebSite\",\"@id\":\"https:\/\/salaries-assistance.fr\/#website\",\"url\":\"https:\/\/salaries-assistance.fr\/\",\"name\":\"Salari\u00e9s Assistance\",\"description\":\"Des experts du num\u00e9rique au services des salari\u00e9s\",\"publisher\":{\"@id\":\"https:\/\/salaries-assistance.fr\/#organization\"},\"potentialAction\":[{\"@type\":\"SearchAction\",\"target\":{\"@type\":\"EntryPoint\",\"urlTemplate\":\"https:\/\/salaries-assistance.fr\/?s={search_term_string}\"},\"query-input\":{\"@type\":\"PropertyValueSpecification\",\"valueRequired\":true,\"valueName\":\"search_term_string\"}}],\"inLanguage\":\"fr-FR\"},{\"@type\":\"Organization\",\"@id\":\"https:\/\/salaries-assistance.fr\/#organization\",\"name\":\"Salari\u00e9s Assistance\",\"url\":\"https:\/\/salaries-assistance.fr\/\",\"logo\":{\"@type\":\"ImageObject\",\"inLanguage\":\"fr-FR\",\"@id\":\"https:\/\/salaries-assistance.fr\/#\/schema\/logo\/image\/\",\"url\":\"https:\/\/salaries-assistance.fr\/wp-content\/uploads\/2025\/02\/logo_salaries-assistance_Marron_v1.png\",\"contentUrl\":\"https:\/\/salaries-assistance.fr\/wp-content\/uploads\/2025\/02\/logo_salaries-assistance_Marron_v1.png\",\"width\":200,\"height\":200,\"caption\":\"Salari\u00e9s Assistance\"},\"image\":{\"@id\":\"https:\/\/salaries-assistance.fr\/#\/schema\/logo\/image\/\"}}]}<\/script>\n<!-- \/ Yoast SEO plugin. -->","yoast_head_json":{"title":"Salari\u00e9s Assistance - Des experts du num\u00e9rique et du droit social \u00e0 votre service","description":"Vous quittez votre entreprise, avez-vous pens\u00e9 \u00e0 tout ? R\u00e9cup\u00e9rez vos donn\u00e9es pour r\u00e9clamer vos heures suppl\u00e9mentaires et b\u00e9n\u00e9ficiez d'une assistance juridique. Que faire apr\u00e8s un licenciement ? Nos experts en assistance des salari\u00e9s sont l\u00e0.","robots":{"index":"index","follow":"follow","max-snippet":"max-snippet:-1","max-image-preview":"max-image-preview:large","max-video-preview":"max-video-preview:-1"},"canonical":"https:\/\/salaries-assistance.fr\/","og_locale":"fr_FR","og_type":"article","og_title":"Salari\u00e9s Assistance - Des experts du num\u00e9rique et du droit social \u00e0 votre service","og_description":"Vous quittez votre entreprise, avez-vous pens\u00e9 \u00e0 tout ? R\u00e9cup\u00e9rez vos donn\u00e9es pour r\u00e9clamer vos heures suppl\u00e9mentaires et b\u00e9n\u00e9ficiez d'une assistance juridique. Que faire apr\u00e8s un licenciement ? Nos experts en assistance des salari\u00e9s sont l\u00e0.","og_url":"https:\/\/salaries-assistance.fr\/","og_site_name":"Salari\u00e9s Assistance","article_modified_time":"2025-02-24T19:02:21+00:00","twitter_card":"summary_large_image","schema":{"@context":"https:\/\/schema.org","@graph":[{"@type":"WebPage","@id":"https:\/\/salaries-assistance.fr\/","url":"https:\/\/salaries-assistance.fr\/","name":"Salari\u00e9s Assistance - Des experts du num\u00e9rique et du droit social \u00e0 votre service","isPartOf":{"@id":"https:\/\/salaries-assistance.fr\/#website"},"datePublished":"2025-02-04T11:31:56+00:00","dateModified":"2025-02-24T19:02:21+00:00","description":"Vous quittez votre entreprise, avez-vous pens\u00e9 \u00e0 tout ? R\u00e9cup\u00e9rez vos donn\u00e9es pour r\u00e9clamer vos heures suppl\u00e9mentaires et b\u00e9n\u00e9ficiez d'une assistance juridique. Que faire apr\u00e8s un licenciement ? Nos experts en assistance des salari\u00e9s sont l\u00e0.","breadcrumb":{"@id":"https:\/\/salaries-assistance.fr\/#breadcrumb"},"inLanguage":"fr-FR","potentialAction":[{"@type":"ReadAction","target":["https:\/\/salaries-assistance.fr\/"]}]},{"@type":"BreadcrumbList","@id":"https:\/\/salaries-assistance.fr\/#breadcrumb","itemListElement":[{"@type":"ListItem","position":1,"name":"Accueil","item":"https:\/\/salaries-assistance.fr\/"},{"@type":"ListItem","position":2,"name":"Accueil"}]},{"@type":"WebSite","@id":"https:\/\/salaries-assistance.fr\/#website","url":"https:\/\/salaries-assistance.fr\/","name":"Salari\u00e9s Assistance","description":"Des experts du num\u00e9rique au services des salari\u00e9s","publisher":{"@id":"https:\/\/salaries-assistance.fr\/#organization"},"potentialAction":[{"@type":"SearchAction","target":{"@type":"EntryPoint","urlTemplate":"https:\/\/salaries-assistance.fr\/?s={search_term_string}"},"query-input":{"@type":"PropertyValueSpecification","valueRequired":true,"valueName":"search_term_string"}}],"inLanguage":"fr-FR"},{"@type":"Organization","@id":"https:\/\/salaries-assistance.fr\/#organization","name":"Salari\u00e9s Assistance","url":"https:\/\/salaries-assistance.fr\/","logo":{"@type":"ImageObject","inLanguage":"fr-FR","@id":"https:\/\/salaries-assistance.fr\/#\/schema\/logo\/image\/","url":"https:\/\/salaries-assistance.fr\/wp-content\/uploads\/2025\/02\/logo_salaries-assistance_Marron_v1.png","contentUrl":"https:\/\/salaries-assistance.fr\/wp-content\/uploads\/2025\/02\/logo_salaries-assistance_Marron_v1.png","width":200,"height":200,"caption":"Salari\u00e9s Assistance"},"image":{"@id":"https:\/\/salaries-assistance.fr\/#\/schema\/logo\/image\/"}}]}},"_links":{"self":[{"href":"https:\/\/salaries-assistance.fr\/index.php?rest_route=\/wp\/v2\/pages\/257","targetHints":{"allow":["GET"]}}],"collection":[{"href":"https:\/\/salaries-assistance.fr\/index.php?rest_route=\/wp\/v2\/pages"}],"about":[{"href":"https:\/\/salaries-assistance.fr\/index.php?rest_route=\/wp\/v2\/types\/page"}],"author":[{"embeddable":true,"href":"https:\/\/salaries-assistance.fr\/index.php?rest_route=\/wp\/v2\/users\/1"}],"replies":[{"embeddable":true,"href":"https:\/\/salaries-assistance.fr\/index.php?rest_route=%2Fwp%2Fv2%2Fcomments&post=257"}],"version-history":[{"count":86,"href":"https:\/\/salaries-assistance.fr\/index.php?rest_route=\/wp\/v2\/pages\/257\/revisions"}],"predecessor-version":[{"id":555,"href":"https:\/\/salaries-assistance.fr\/index.php?rest_route=\/wp\/v2\/pages\/257\/revisions\/555"}],"wp:attachment":[{"href":"https:\/\/salaries-assistance.fr\/index.php?rest_route=%2Fwp%2Fv2%2Fmedia&parent=257"}],"curies":[{"name":"wp","href":"https:\/\/api.w.org\/{rel}","templated":true}]}}