{"id":3,"date":"2025-01-30T17:36:20","date_gmt":"2025-01-30T16:36:20","guid":{"rendered":"http:\/\/salaries-assistance.fr\/?page_id=3"},"modified":"2025-02-07T19:28:33","modified_gmt":"2025-02-07T18:28:33","slug":"politique-de-confidentialite","status":"publish","type":"page","link":"https:\/\/salaries-assistance.fr\/?page_id=3","title":{"rendered":"Politique de confidentialit\u00e9"},"content":{"rendered":"\n<h3 class=\"wp-block-heading\"><strong>Page de politique de confidentialit\u00e9<\/strong><br><br>Qui sommes-nous&nbsp;?<\/h3>\n\n\n\n<p>L\u2019adresse de notre site est&nbsp;: http:\/\/salaries-assistance.fr.<\/p>\n\n\n\n<h3 class=\"wp-block-heading\">Cookies<\/h3>\n\n\n\n<p>Si vous d\u00e9posez un commentaire sur notre site, il vous sera propos\u00e9 d\u2019enregistrer votre nom, adresse e-mail et site dans des cookies. C\u2019est uniquement pour votre confort afin de ne pas avoir \u00e0 saisir ces informations si vous d\u00e9posez un autre commentaire plus tard. Ces cookies expirent au bout d\u2019un an.<\/p>\n\n\n\n<p>Si vous vous rendez sur la page de connexion, un cookie temporaire sera cr\u00e9\u00e9 afin de d\u00e9terminer si votre navigateur accepte les cookies. Il ne contient pas de donn\u00e9es personnelles et sera supprim\u00e9 automatiquement \u00e0 la fermeture de votre navigateur.<\/p>\n\n\n\n<p>Lorsque vous vous connecterez, nous mettrons en place un certain nombre de cookies pour enregistrer vos informations de connexion et vos pr\u00e9f\u00e9rences d\u2019\u00e9cran. La dur\u00e9e de vie d\u2019un cookie de connexion est de deux jours, celle d\u2019un cookie d\u2019option d\u2019\u00e9cran est d\u2019un an. Si vous cochez \u00ab&nbsp;Se souvenir de moi&nbsp;\u00bb, votre cookie de connexion sera conserv\u00e9 pendant deux semaines. Si vous vous d\u00e9connectez de votre compte, le cookie de connexion sera effac\u00e9.<\/p>\n\n\n\n<p>En modifiant ou en publiant une publication, un cookie suppl\u00e9mentaire sera enregistr\u00e9 dans votre navigateur. Ce cookie ne comprend aucune donn\u00e9e personnelle. Il indique simplement l\u2019ID de la publication que vous venez de modifier. Il expire au bout d\u2019un jour.<\/p>\n\n\n\n<h3 class=\"wp-block-heading\">Contenu embarqu\u00e9 depuis d\u2019autres sites<\/h3>\n\n\n\n<p>Les articles de ce site peuvent inclure des contenus int\u00e9gr\u00e9s (par exemple des vid\u00e9os, images, articles\u2026). Le contenu int\u00e9gr\u00e9 depuis d\u2019autres sites se comporte de la m\u00eame mani\u00e8re que si le visiteur se rendait sur cet autre site.<\/p>\n\n\n\n<p>Ces sites web pourraient collecter des donn\u00e9es sur vous, utiliser des cookies, embarquer des outils de suivis tiers, suivre vos interactions avec ces contenus embarqu\u00e9s si vous disposez d\u2019un compte connect\u00e9 sur leur site web.<\/p>\n\n\n\n<h3 class=\"wp-block-heading\">Utilisation et transmission de vos donn\u00e9es personnelles<\/h3>\n\n\n\n<p>Si vous demandez une r\u00e9initialisation de votre mot de passe, votre adresse IP sera incluse dans l\u2019e-mail de r\u00e9initialisation.<\/p>\n\n\n\n<h3 class=\"wp-block-heading\">Dur\u00e9es de stockage de vos donn\u00e9es<\/h3>\n\n\n\n<p>Si vous utilisez le formulaire de contact pour demander un devis, les informations seront conserv\u00e9es dans notre fichier prospect pendant 1 an et ne seront utilis\u00e9es qu&rsquo;\u00e0 des fins de montage d&rsquo;un devis sur mesure.\u00a0<br>Aucun publipostage commercial n&rsquo;est effectu\u00e9 avec ces donn\u00e9es.\u00a0<br>En cas d&rsquo;acceptation du devis, vos donn\u00e9es seront transf\u00e9r\u00e9es dans notre fichier client et conserv\u00e9es 3 ans apr\u00e8s la date de votre derni\u00e8re commande.<\/p>\n\n\n\n<h3 class=\"wp-block-heading\">Les droits que vous avez sur vos donn\u00e9es<\/h3>\n\n\n\n<p>Vous pouvez demander \u00e0 recevoir un fichier contenant toutes les donn\u00e9es personnelles que nous poss\u00e9dons \u00e0 votre sujet, incluant celles que vous nous avez fournies. Vous pouvez \u00e9galement demander la suppression des donn\u00e9es personnelles vous concernant. Cela ne prend pas en compte les donn\u00e9es stock\u00e9es \u00e0 des fins administratives, l\u00e9gales ou pour des raisons de s\u00e9curit\u00e9.<\/p>\n","protected":false},"excerpt":{"rendered":"<p>Page de politique de confidentialit\u00e9 Qui sommes-nous&nbsp;? L\u2019adresse de notre site est&nbsp;: http:\/\/salaries-assistance.fr. Cookies Si vous d\u00e9posez un commentaire sur notre site, il vous sera propos\u00e9 d\u2019enregistrer votre nom, adresse e-mail et site dans des cookies. C\u2019est uniquement pour votre confort afin de ne pas avoir \u00e0 saisir ces informations si vous d\u00e9posez un autre [&hellip;]<\/p>\n","protected":false},"author":1,"featured_media":0,"parent":0,"menu_order":0,"comment_status":"closed","ping_status":"open","template":"","meta":{"saved_in_kubio":true,"footnotes":""},"class_list":["post-3","page","type-page","status-publish","hentry"],"kubio_ai_page_context":{"short_desc":"","purpose":"general"},"yoast_head":"<!-- This site is optimized with the Yoast SEO plugin v24.5 - https:\/\/yoast.com\/wordpress\/plugins\/seo\/ -->\n<title>Politique de confidentialit\u00e9 - Salari\u00e9s Assistance<\/title>\n<meta name=\"robots\" content=\"index, follow, max-snippet:-1, max-image-preview:large, max-video-preview:-1\" \/>\n<link rel=\"canonical\" href=\"https:\/\/salaries-assistance.fr\/?page_id=3\" \/>\n<meta property=\"og:locale\" content=\"fr_FR\" \/>\n<meta property=\"og:type\" content=\"article\" \/>\n<meta property=\"og:title\" content=\"Politique de confidentialit\u00e9 - Salari\u00e9s Assistance\" \/>\n<meta property=\"og:description\" content=\"Page de politique de confidentialit\u00e9 Qui sommes-nous&nbsp;? L\u2019adresse de notre site est&nbsp;: http:\/\/salaries-assistance.fr. Cookies Si vous d\u00e9posez un commentaire sur notre site, il vous sera propos\u00e9 d\u2019enregistrer votre nom, adresse e-mail et site dans des cookies. C\u2019est uniquement pour votre confort afin de ne pas avoir \u00e0 saisir ces informations si vous d\u00e9posez un autre [&hellip;]\" \/>\n<meta property=\"og:url\" content=\"https:\/\/salaries-assistance.fr\/?page_id=3\" \/>\n<meta property=\"og:site_name\" content=\"Salari\u00e9s Assistance\" \/>\n<meta property=\"article:modified_time\" content=\"2025-02-07T18:28:33+00:00\" \/>\n<meta name=\"twitter:card\" content=\"summary_large_image\" \/>\n<meta name=\"twitter:label1\" content=\"Dur\u00e9e de lecture estim\u00e9e\" \/>\n\t<meta name=\"twitter:data1\" content=\"3 minutes\" \/>\n<script type=\"application\/ld+json\" class=\"yoast-schema-graph\">{\"@context\":\"https:\/\/schema.org\",\"@graph\":[{\"@type\":\"WebPage\",\"@id\":\"https:\/\/salaries-assistance.fr\/?page_id=3\",\"url\":\"https:\/\/salaries-assistance.fr\/?page_id=3\",\"name\":\"Politique de confidentialit\u00e9 - Salari\u00e9s Assistance\",\"isPartOf\":{\"@id\":\"https:\/\/salaries-assistance.fr\/#website\"},\"datePublished\":\"2025-01-30T16:36:20+00:00\",\"dateModified\":\"2025-02-07T18:28:33+00:00\",\"breadcrumb\":{\"@id\":\"https:\/\/salaries-assistance.fr\/?page_id=3#breadcrumb\"},\"inLanguage\":\"fr-FR\",\"potentialAction\":[{\"@type\":\"ReadAction\",\"target\":[\"https:\/\/salaries-assistance.fr\/?page_id=3\"]}]},{\"@type\":\"BreadcrumbList\",\"@id\":\"https:\/\/salaries-assistance.fr\/?page_id=3#breadcrumb\",\"itemListElement\":[{\"@type\":\"ListItem\",\"position\":1,\"name\":\"Accueil\",\"item\":\"https:\/\/salaries-assistance.fr\/\"},{\"@type\":\"ListItem\",\"position\":2,\"name\":\"Politique de confidentialit\u00e9\"}]},{\"@type\":\"WebSite\",\"@id\":\"https:\/\/salaries-assistance.fr\/#website\",\"url\":\"https:\/\/salaries-assistance.fr\/\",\"name\":\"Salari\u00e9s Assistance\",\"description\":\"Des experts du num\u00e9rique au services des salari\u00e9s\",\"publisher\":{\"@id\":\"https:\/\/salaries-assistance.fr\/#organization\"},\"potentialAction\":[{\"@type\":\"SearchAction\",\"target\":{\"@type\":\"EntryPoint\",\"urlTemplate\":\"https:\/\/salaries-assistance.fr\/?s={search_term_string}\"},\"query-input\":{\"@type\":\"PropertyValueSpecification\",\"valueRequired\":true,\"valueName\":\"search_term_string\"}}],\"inLanguage\":\"fr-FR\"},{\"@type\":\"Organization\",\"@id\":\"https:\/\/salaries-assistance.fr\/#organization\",\"name\":\"Salari\u00e9s Assistance\",\"url\":\"https:\/\/salaries-assistance.fr\/\",\"logo\":{\"@type\":\"ImageObject\",\"inLanguage\":\"fr-FR\",\"@id\":\"https:\/\/salaries-assistance.fr\/#\/schema\/logo\/image\/\",\"url\":\"https:\/\/salaries-assistance.fr\/wp-content\/uploads\/2025\/02\/logo_salaries-assistance_Marron_v1.png\",\"contentUrl\":\"https:\/\/salaries-assistance.fr\/wp-content\/uploads\/2025\/02\/logo_salaries-assistance_Marron_v1.png\",\"width\":200,\"height\":200,\"caption\":\"Salari\u00e9s Assistance\"},\"image\":{\"@id\":\"https:\/\/salaries-assistance.fr\/#\/schema\/logo\/image\/\"}}]}<\/script>\n<!-- \/ Yoast SEO plugin. -->","yoast_head_json":{"title":"Politique de confidentialit\u00e9 - Salari\u00e9s Assistance","robots":{"index":"index","follow":"follow","max-snippet":"max-snippet:-1","max-image-preview":"max-image-preview:large","max-video-preview":"max-video-preview:-1"},"canonical":"https:\/\/salaries-assistance.fr\/?page_id=3","og_locale":"fr_FR","og_type":"article","og_title":"Politique de confidentialit\u00e9 - Salari\u00e9s Assistance","og_description":"Page de politique de confidentialit\u00e9 Qui sommes-nous&nbsp;? L\u2019adresse de notre site est&nbsp;: http:\/\/salaries-assistance.fr. Cookies Si vous d\u00e9posez un commentaire sur notre site, il vous sera propos\u00e9 d\u2019enregistrer votre nom, adresse e-mail et site dans des cookies. C\u2019est uniquement pour votre confort afin de ne pas avoir \u00e0 saisir ces informations si vous d\u00e9posez un autre [&hellip;]","og_url":"https:\/\/salaries-assistance.fr\/?page_id=3","og_site_name":"Salari\u00e9s Assistance","article_modified_time":"2025-02-07T18:28:33+00:00","twitter_card":"summary_large_image","twitter_misc":{"Dur\u00e9e de lecture estim\u00e9e":"3 minutes"},"schema":{"@context":"https:\/\/schema.org","@graph":[{"@type":"WebPage","@id":"https:\/\/salaries-assistance.fr\/?page_id=3","url":"https:\/\/salaries-assistance.fr\/?page_id=3","name":"Politique de confidentialit\u00e9 - Salari\u00e9s Assistance","isPartOf":{"@id":"https:\/\/salaries-assistance.fr\/#website"},"datePublished":"2025-01-30T16:36:20+00:00","dateModified":"2025-02-07T18:28:33+00:00","breadcrumb":{"@id":"https:\/\/salaries-assistance.fr\/?page_id=3#breadcrumb"},"inLanguage":"fr-FR","potentialAction":[{"@type":"ReadAction","target":["https:\/\/salaries-assistance.fr\/?page_id=3"]}]},{"@type":"BreadcrumbList","@id":"https:\/\/salaries-assistance.fr\/?page_id=3#breadcrumb","itemListElement":[{"@type":"ListItem","position":1,"name":"Accueil","item":"https:\/\/salaries-assistance.fr\/"},{"@type":"ListItem","position":2,"name":"Politique de confidentialit\u00e9"}]},{"@type":"WebSite","@id":"https:\/\/salaries-assistance.fr\/#website","url":"https:\/\/salaries-assistance.fr\/","name":"Salari\u00e9s Assistance","description":"Des experts du num\u00e9rique au services des salari\u00e9s","publisher":{"@id":"https:\/\/salaries-assistance.fr\/#organization"},"potentialAction":[{"@type":"SearchAction","target":{"@type":"EntryPoint","urlTemplate":"https:\/\/salaries-assistance.fr\/?s={search_term_string}"},"query-input":{"@type":"PropertyValueSpecification","valueRequired":true,"valueName":"search_term_string"}}],"inLanguage":"fr-FR"},{"@type":"Organization","@id":"https:\/\/salaries-assistance.fr\/#organization","name":"Salari\u00e9s Assistance","url":"https:\/\/salaries-assistance.fr\/","logo":{"@type":"ImageObject","inLanguage":"fr-FR","@id":"https:\/\/salaries-assistance.fr\/#\/schema\/logo\/image\/","url":"https:\/\/salaries-assistance.fr\/wp-content\/uploads\/2025\/02\/logo_salaries-assistance_Marron_v1.png","contentUrl":"https:\/\/salaries-assistance.fr\/wp-content\/uploads\/2025\/02\/logo_salaries-assistance_Marron_v1.png","width":200,"height":200,"caption":"Salari\u00e9s Assistance"},"image":{"@id":"https:\/\/salaries-assistance.fr\/#\/schema\/logo\/image\/"}}]}},"_links":{"self":[{"href":"https:\/\/salaries-assistance.fr\/index.php?rest_route=\/wp\/v2\/pages\/3","targetHints":{"allow":["GET"]}}],"collection":[{"href":"https:\/\/salaries-assistance.fr\/index.php?rest_route=\/wp\/v2\/pages"}],"about":[{"href":"https:\/\/salaries-assistance.fr\/index.php?rest_route=\/wp\/v2\/types\/page"}],"author":[{"embeddable":true,"href":"https:\/\/salaries-assistance.fr\/index.php?rest_route=\/wp\/v2\/users\/1"}],"replies":[{"embeddable":true,"href":"https:\/\/salaries-assistance.fr\/index.php?rest_route=%2Fwp%2Fv2%2Fcomments&post=3"}],"version-history":[{"count":4,"href":"https:\/\/salaries-assistance.fr\/index.php?rest_route=\/wp\/v2\/pages\/3\/revisions"}],"predecessor-version":[{"id":414,"href":"https:\/\/salaries-assistance.fr\/index.php?rest_route=\/wp\/v2\/pages\/3\/revisions\/414"}],"wp:attachment":[{"href":"https:\/\/salaries-assistance.fr\/index.php?rest_route=%2Fwp%2Fv2%2Fmedia&parent=3"}],"curies":[{"name":"wp","href":"https:\/\/api.w.org\/{rel}","templated":true}]}}